{"id":353,"date":"2025-04-04T21:22:51","date_gmt":"2025-04-04T19:22:51","guid":{"rendered":"https:\/\/maisonyamina.fr\/?page_id=353"},"modified":"2025-11-24T19:41:00","modified_gmt":"2025-11-24T18:41:00","slug":"mention-legale","status":"publish","type":"page","link":"https:\/\/maisonyamina.fr\/index.php\/mention-legale\/","title":{"rendered":"Mention l\u00e9gale"},"content":{"rendered":"\n<p>Derni\u00e8re mise \u00e0 jour : [04\/04\/2024]<\/p>\n\n\n\n<p><strong>1. \u00c9DITEUR DU SITE<\/strong><br>Le site <strong>Maison Yamina<\/strong> est \u00e9dit\u00e9 par :<br><strong>Nom de l&#8217;entreprise :<\/strong> Maison Yamina<br><strong>Si\u00e8ge social :<\/strong> 10 avenue de l&#8217;hotel de ville 06800 Cagnes sur mer<br><strong>SIRET :<\/strong> 94248900014<br><strong>Email de contact :<\/strong> <a><span \n                data-original-string='QCpeCypuvSLc8fvsVkW1Fg==4e3xkV+68qWELdTf9WAgt88NyFD5JeXQ6YvDVm+AfjBmSA='\n                class='apbct-email-encoder'\n                title='This contact has been encoded by Anti-Spam by CleanTalk. Click to decode. To finish the decoding make sure that JavaScript is enabled in your browser.'>he<span class=\"apbct-blur\">***<\/span>@<span class=\"apbct-blur\">**********<\/span>na.fr<\/span><\/a><\/p>\n\n\n\n<p><strong>2. H\u00c9BERGEMENT DU SITE<\/strong><br>Le site est h\u00e9berg\u00e9 par : ovh<br><strong>Nom de l\u2019h\u00e9bergeur :<\/strong> ovh<\/p>\n\n\n\n<p><strong>3. PROPRI\u00c9T\u00c9 INTELLECTUELLE<\/strong><br>Tous les contenus pr\u00e9sents sur le site <strong>Maison Yamina<\/strong> (textes, images, graphismes, logos, vid\u00e9os, etc.) sont prot\u00e9g\u00e9s par le droit d\u2019auteur et la propri\u00e9t\u00e9 intellectuelle. Toute reproduction, diffusion ou utilisation sans autorisation est strictement interdite.<\/p>\n\n\n\n<p><strong>4. PROTECTION DES DONN\u00c9ES PERSONNELLES<\/strong><br>Les informations collect\u00e9es via le site sont destin\u00e9es exclusivement \u00e0 <strong>Maison Yamina<\/strong> et ne seront ni vendues ni c\u00e9d\u00e9es \u00e0 des tiers. Conform\u00e9ment \u00e0 la r\u00e9glementation en vigueur, vous disposez d\u2019un droit d\u2019acc\u00e8s, de rectification et de suppression de vos donn\u00e9es personnelles en nous contactant \u00e0 <a><strong><span \n                data-original-string='wlcJP8iSNqm+dksd0Q6Ovg==4e3qpMR26EaXKYlYnA3n8\/+C0uf+Xm5F3NyjxRqRzcee8A='\n                class='apbct-email-encoder'\n                title='This contact has been encoded by Anti-Spam by CleanTalk. Click to decode. To finish the decoding make sure that JavaScript is enabled in your browser.'>he<span class=\"apbct-blur\">***<\/span>@<span class=\"apbct-blur\">**********<\/span>na.fr<\/span><\/strong><\/a>.<\/p>\n\n\n\n<p><strong>5. RESPONSABILIT\u00c9<\/strong><br>Maison Yamina s\u2019efforce d\u2019assurer l\u2019exactitude des informations diffus\u00e9es sur son site mais ne peut \u00eatre tenue responsable des erreurs, omissions ou indisponibilit\u00e9s temporaires.<\/p>\n\n\n\n<p><strong>6. COOKIES<\/strong><br>Le site peut utiliser des cookies pour am\u00e9liorer l\u2019exp\u00e9rience utilisateur. Vous pouvez configurer votre navigateur pour les refuser totalement ou partiellement.<\/p>\n\n\n\n<p><strong>7. DROIT APPLICABLE<\/strong><br>Les pr\u00e9sentes mentions l\u00e9gales sont r\u00e9gies par le droit fran\u00e7ais. En cas de litige, les tribunaux fran\u00e7ais seront seuls comp\u00e9tents.<\/p>\n\n\n\n<hr class=\"wp-block-separator has-alpha-channel-opacity\"\/>\n\n\n\n<p>Pour toute question, contactez-nous \u00e0 <a><strong><span \n                data-original-string='z21PKzhZHiR+QSJGkXAtJw==4e3YjZllp\/NrEWBW9Je5V0mli5IJTux+lnYojTAhmF3dBI='\n                class='apbct-email-encoder'\n                title='This contact has been encoded by Anti-Spam by CleanTalk. Click to decode. To finish the decoding make sure that JavaScript is enabled in your browser.'>he<span class=\"apbct-blur\">***<\/span>@<span class=\"apbct-blur\">**********<\/span>na.fr<\/span><\/strong><\/a>.<\/p>\n","protected":false},"excerpt":{"rendered":"<p>Derni\u00e8re mise \u00e0 jour : [04\/04\/2024] 1. \u00c9DITEUR DU SITELe site Maison Yamina est \u00e9dit\u00e9 par :Nom de l&#8217;entreprise : [&hellip;]<\/p>\n","protected":false},"author":1,"featured_media":0,"parent":0,"menu_order":0,"comment_status":"closed","ping_status":"closed","template":"","meta":{"site-sidebar-layout":"default","site-content-layout":"","ast-site-content-layout":"default","site-content-style":"default","site-sidebar-style":"default","ast-global-header-display":"","ast-banner-title-visibility":"","ast-main-header-display":"","ast-hfb-above-header-display":"","ast-hfb-below-header-display":"","ast-hfb-mobile-header-display":"","site-post-title":"","ast-breadcrumbs-content":"","ast-featured-img":"","footer-sml-layout":"","theme-transparent-header-meta":"","adv-header-id-meta":"","stick-header-meta":"","header-above-stick-meta":"","header-main-stick-meta":"","header-below-stick-meta":"","astra-migrate-meta-layouts":"default","ast-page-background-enabled":"default","ast-page-background-meta":{"desktop":{"background-color":"var(--ast-global-color-5)","background-image":"","background-repeat":"repeat","background-position":"center center","background-size":"auto","background-attachment":"scroll","background-type":"","background-media":"","overlay-type":"","overlay-color":"","overlay-opacity":"","overlay-gradient":""},"tablet":{"background-color":"","background-image":"","background-repeat":"repeat","background-position":"center center","background-size":"auto","background-attachment":"scroll","background-type":"","background-media":"","overlay-type":"","overlay-color":"","overlay-opacity":"","overlay-gradient":""},"mobile":{"background-color":"","background-image":"","background-repeat":"repeat","background-position":"center center","background-size":"auto","background-attachment":"scroll","background-type":"","background-media":"","overlay-type":"","overlay-color":"","overlay-opacity":"","overlay-gradient":""}},"ast-content-background-meta":{"desktop":{"background-color":"var(--ast-global-color-4)","background-image":"","background-repeat":"repeat","background-position":"center center","background-size":"auto","background-attachment":"scroll","background-type":"","background-media":"","overlay-type":"","overlay-color":"","overlay-opacity":"","overlay-gradient":""},"tablet":{"background-color":"var(--ast-global-color-4)","background-image":"","background-repeat":"repeat","background-position":"center center","background-size":"auto","background-attachment":"scroll","background-type":"","background-media":"","overlay-type":"","overlay-color":"","overlay-opacity":"","overlay-gradient":""},"mobile":{"background-color":"var(--ast-global-color-4)","background-image":"","background-repeat":"repeat","background-position":"center center","background-size":"auto","background-attachment":"scroll","background-type":"","background-media":"","overlay-type":"","overlay-color":"","overlay-opacity":"","overlay-gradient":""}},"footnotes":""},"class_list":["post-353","page","type-page","status-publish","hentry"],"jetpack_sharing_enabled":true,"_links":{"self":[{"href":"https:\/\/maisonyamina.fr\/index.php\/wp-json\/wp\/v2\/pages\/353","targetHints":{"allow":["GET"]}}],"collection":[{"href":"https:\/\/maisonyamina.fr\/index.php\/wp-json\/wp\/v2\/pages"}],"about":[{"href":"https:\/\/maisonyamina.fr\/index.php\/wp-json\/wp\/v2\/types\/page"}],"author":[{"embeddable":true,"href":"https:\/\/maisonyamina.fr\/index.php\/wp-json\/wp\/v2\/users\/1"}],"replies":[{"embeddable":true,"href":"https:\/\/maisonyamina.fr\/index.php\/wp-json\/wp\/v2\/comments?post=353"}],"version-history":[{"count":4,"href":"https:\/\/maisonyamina.fr\/index.php\/wp-json\/wp\/v2\/pages\/353\/revisions"}],"predecessor-version":[{"id":514,"href":"https:\/\/maisonyamina.fr\/index.php\/wp-json\/wp\/v2\/pages\/353\/revisions\/514"}],"wp:attachment":[{"href":"https:\/\/maisonyamina.fr\/index.php\/wp-json\/wp\/v2\/media?parent=353"}],"curies":[{"name":"wp","href":"https:\/\/api.w.org\/{rel}","templated":true}]}}