{"id":68,"date":"2024-11-16T19:50:40","date_gmt":"2024-11-16T18:50:40","guid":{"rendered":"https:\/\/maisonyamina.fr\/?page_id=68"},"modified":"2025-12-26T23:11:00","modified_gmt":"2025-12-26T22:11:00","slug":"home","status":"publish","type":"page","link":"https:\/\/maisonyamina.fr\/","title":{"rendered":""},"content":{"rendered":"\t\t<div data-elementor-type=\"wp-page\" data-elementor-id=\"68\" class=\"elementor elementor-68\">\n\t\t\t\t<div class=\"elementor-element elementor-element-8eae4b4 e-con-full e-flex e-con e-parent\" data-id=\"8eae4b4\" data-element_type=\"container\">\n\t\t\t\t<div class=\"elementor-element elementor-element-3fcc19e elementor-widget elementor-widget-image\" data-id=\"3fcc19e\" data-element_type=\"widget\" data-widget_type=\"image.default\">\n\t\t\t\t<div class=\"elementor-widget-container\">\n\t\t\t\t\t\t\t\t\t\t\t\t\t\t\t<img fetchpriority=\"high\" decoding=\"async\" width=\"1024\" height=\"569\" src=\"https:\/\/maisonyamina.fr\/wp-content\/uploads\/2025\/12\/Design-sans-titre-2-1024x569.png\" class=\"attachment-large size-large wp-image-522\" alt=\"\" srcset=\"https:\/\/maisonyamina.fr\/wp-content\/uploads\/2025\/12\/Design-sans-titre-2-1024x569.png 1024w, https:\/\/maisonyamina.fr\/wp-content\/uploads\/2025\/12\/Design-sans-titre-2-300x167.png 300w, https:\/\/maisonyamina.fr\/wp-content\/uploads\/2025\/12\/Design-sans-titre-2-768x427.png 768w, https:\/\/maisonyamina.fr\/wp-content\/uploads\/2025\/12\/Design-sans-titre-2-600x333.png 600w, https:\/\/maisonyamina.fr\/wp-content\/uploads\/2025\/12\/Design-sans-titre-2.png 1080w\" sizes=\"(max-width: 1024px) 100vw, 1024px\" \/>\t\t\t\t\t\t\t\t\t\t\t\t\t\t\t<\/div>\n\t\t\t\t<\/div>\n\t\t\t\t<\/div>\n\t\t<div class=\"elementor-element elementor-element-9cf1cd8 e-flex e-con-boxed e-con e-parent\" data-id=\"9cf1cd8\" data-element_type=\"container\">\n\t\t\t\t\t<div class=\"e-con-inner\">\n\t\t\t\t<div class=\"elementor-element elementor-element-9a93de8 elementor-widget elementor-widget-text-editor\" data-id=\"9a93de8\" data-element_type=\"widget\" data-widget_type=\"text-editor.default\">\n\t\t\t\t<div class=\"elementor-widget-container\">\n\t\t\t\t\t\t\t\t\t<p>Petits pas chaque jour, vers un r\u00eave partag\u00e9.<\/p><p>Depuis toujours, ma m\u00e8re et moi avons r\u00eav\u00e9 de cr\u00e9er ensemble, de tisser nos liens \u00e0 travers un projet commun.\u00a0<\/p><p><span style=\"color: var( --e-global-color-text ); font-family: var( --e-global-typography-text-font-family ), Sans-serif; font-weight: var( --e-global-typography-text-font-weight ); text-align: var(--text-align); font-size: 1rem;\">Plongez dans le monde des bijoux Yamina, n\u00e9s de la collaboration exceptionnelle entre m\u00e8re et fille.<\/span><\/p><p>Parcourez notre collection qui comprend des colliers exquis, des accessoires de cheveux, des bagues scintillantes et bien plus encore. Chaque bijou est soigneusement con\u00e7u pour capturer l&#8217;essence de la beaut\u00e9 naturelle et pour ajouter une touche d&#8217;\u00e9clat \u00e0 chaque instant de votre vie.<\/p>\t\t\t\t\t\t\t\t<\/div>\n\t\t\t\t<\/div>\n\t\t\t\t<div class=\"elementor-element elementor-element-ec2e45d elementor-widget-divider--view-line elementor-widget elementor-widget-divider\" data-id=\"ec2e45d\" data-element_type=\"widget\" data-widget_type=\"divider.default\">\n\t\t\t\t<div class=\"elementor-widget-container\">\n\t\t\t\t\t\t\t<div class=\"elementor-divider\">\n\t\t\t<span class=\"elementor-divider-separator\">\n\t\t\t\t\t\t<\/span>\n\t\t<\/div>\n\t\t\t\t\t\t<\/div>\n\t\t\t\t<\/div>\n\t\t\t\t\t<\/div>\n\t\t\t\t<\/div>\n\t\t<div class=\"elementor-element elementor-element-4593e9b e-flex e-con-boxed e-con e-parent\" data-id=\"4593e9b\" data-element_type=\"container\">\n\t\t\t\t\t<div class=\"e-con-inner\">\n\t\t\t\t\t<\/div>\n\t\t\t\t<\/div>\n\t\t\t\t<\/div>\n\t\t","protected":false},"excerpt":{"rendered":"<p>Petits pas chaque jour, vers un r\u00eave partag\u00e9. Depuis toujours, ma m\u00e8re et moi avons r\u00eav\u00e9 de cr\u00e9er ensemble, de [&hellip;]<\/p>\n","protected":false},"author":1,"featured_media":0,"parent":0,"menu_order":0,"comment_status":"closed","ping_status":"closed","template":"","meta":{"site-sidebar-layout":"default","site-content-layout":"","ast-site-content-layout":"default","site-content-style":"default","site-sidebar-style":"default","ast-global-header-display":"","ast-banner-title-visibility":"","ast-main-header-display":"","ast-hfb-above-header-display":"","ast-hfb-below-header-display":"","ast-hfb-mobile-header-display":"","site-post-title":"","ast-breadcrumbs-content":"","ast-featured-img":"","footer-sml-layout":"","theme-transparent-header-meta":"","adv-header-id-meta":"","stick-header-meta":"","header-above-stick-meta":"","header-main-stick-meta":"","header-below-stick-meta":"","astra-migrate-meta-layouts":"default","ast-page-background-enabled":"default","ast-page-background-meta":{"desktop":{"background-color":"var(--ast-global-color-5)","background-image":"","background-repeat":"repeat","background-position":"center center","background-size":"auto","background-attachment":"scroll","background-type":"","background-media":"","overlay-type":"","overlay-color":"","overlay-opacity":"","overlay-gradient":""},"tablet":{"background-color":"","background-image":"","background-repeat":"repeat","background-position":"center center","background-size":"auto","background-attachment":"scroll","background-type":"","background-media":"","overlay-type":"","overlay-color":"","overlay-opacity":"","overlay-gradient":""},"mobile":{"background-color":"","background-image":"","background-repeat":"repeat","background-position":"center center","background-size":"auto","background-attachment":"scroll","background-type":"","background-media":"","overlay-type":"","overlay-color":"","overlay-opacity":"","overlay-gradient":""}},"ast-content-background-meta":{"desktop":{"background-color":"var(--ast-global-color-4)","background-image":"","background-repeat":"repeat","background-position":"center center","background-size":"auto","background-attachment":"scroll","background-type":"","background-media":"","overlay-type":"","overlay-color":"","overlay-opacity":"","overlay-gradient":""},"tablet":{"background-color":"var(--ast-global-color-4)","background-image":"","background-repeat":"repeat","background-position":"center center","background-size":"auto","background-attachment":"scroll","background-type":"","background-media":"","overlay-type":"","overlay-color":"","overlay-opacity":"","overlay-gradient":""},"mobile":{"background-color":"var(--ast-global-color-4)","background-image":"","background-repeat":"repeat","background-position":"center center","background-size":"auto","background-attachment":"scroll","background-type":"","background-media":"","overlay-type":"","overlay-color":"","overlay-opacity":"","overlay-gradient":""}},"footnotes":""},"class_list":["post-68","page","type-page","status-publish","hentry"],"jetpack_sharing_enabled":true,"_links":{"self":[{"href":"https:\/\/maisonyamina.fr\/index.php\/wp-json\/wp\/v2\/pages\/68","targetHints":{"allow":["GET"]}}],"collection":[{"href":"https:\/\/maisonyamina.fr\/index.php\/wp-json\/wp\/v2\/pages"}],"about":[{"href":"https:\/\/maisonyamina.fr\/index.php\/wp-json\/wp\/v2\/types\/page"}],"author":[{"embeddable":true,"href":"https:\/\/maisonyamina.fr\/index.php\/wp-json\/wp\/v2\/users\/1"}],"replies":[{"embeddable":true,"href":"https:\/\/maisonyamina.fr\/index.php\/wp-json\/wp\/v2\/comments?post=68"}],"version-history":[{"count":196,"href":"https:\/\/maisonyamina.fr\/index.php\/wp-json\/wp\/v2\/pages\/68\/revisions"}],"predecessor-version":[{"id":533,"href":"https:\/\/maisonyamina.fr\/index.php\/wp-json\/wp\/v2\/pages\/68\/revisions\/533"}],"wp:attachment":[{"href":"https:\/\/maisonyamina.fr\/index.php\/wp-json\/wp\/v2\/media?parent=68"}],"curies":[{"name":"wp","href":"https:\/\/api.w.org\/{rel}","templated":true}]}}