{"id":405,"date":"2025-08-12T17:20:22","date_gmt":"2025-08-12T15:20:22","guid":{"rendered":"https:\/\/maisonyamina.fr\/?post_type=product&#038;p=405"},"modified":"2025-10-25T18:51:13","modified_gmt":"2025-10-25T16:51:13","slug":"lena","status":"publish","type":"product","link":"https:\/\/maisonyamina.fr\/index.php\/produit\/lena\/","title":{"rendered":"Lena"},"content":{"rendered":"","protected":false},"excerpt":{"rendered":"<p class=\"p1\"><span class=\"s1\">La bague <\/span><span class=\"s2\">Lena<\/span><span class=\"s1\"> est une ode \u00e0 la couleur et \u00e0 la bonne humeur. Orn\u00e9e de fleurs dor\u00e9es, elle apporte instantan\u00e9ment une touche solaire \u00e0 votre style. Que vous la portiez seule ou en accumulation, Lena illuminera chacune de vos journ\u00e9es.<\/span><\/p>\n<p class=\"p1\"><span class=\"s2\">Caract\u00e9ristiques<\/span><span class=\"s1\"> :<\/span><\/p>\n<ul>\n<li>\n<p class=\"p1\"><span class=\"s1\">Mat\u00e9riau : Acier inoxydable dor\u00e9<\/span><\/p>\n<\/li>\n<li>\n<p class=\"p1\"><span class=\"s1\">Couleurs des pierres : Turquoise, corail, rose poudr\u00e9<\/span><\/p>\n<\/li>\n<li>\n<p class=\"p1\"><span class=\"s1\">Taille : Ajustable<\/span><\/p>\n<\/li>\n<li>\n<p class=\"p1\"><span class=\"s1\">R\u00e9sistante \u00e0 l\u2019eau et \u00e0 l\u2019oxydation<\/span><\/p>\n<\/li>\n<\/ul>\n<p class=\"p1\"><span class=\"s2\">Pourquoi vous allez l\u2019adorer<\/span><span class=\"s1\"> :<\/span><\/p>\n<ul>\n<li>\n<p class=\"p1\"><span class=\"s1\">Un design floral lumineux qui capte la lumi\u00e8re<\/span><\/p>\n<\/li>\n<li>\n<p class=\"p1\"><span class=\"s1\">Parfaite pour un style boh\u00e8me chic ou une tenue estivale<\/span><\/p>\n<\/li>\n<li>\n<p class=\"p1\"><span class=\"s1\">L\u2019accessoire id\u00e9al pour ajouter de la couleur \u00e0 votre quotidien<\/span><\/p>\n<\/li>\n<\/ul>\n","protected":false},"featured_media":406,"comment_status":"open","ping_status":"closed","template":"","meta":{"site-sidebar-layout":"default","site-content-layout":"","ast-site-content-layout":"default","site-content-style":"default","site-sidebar-style":"default","ast-global-header-display":"","ast-banner-title-visibility":"","ast-main-header-display":"","ast-hfb-above-header-display":"","ast-hfb-below-header-display":"","ast-hfb-mobile-header-display":"","site-post-title":"","ast-breadcrumbs-content":"","ast-featured-img":"","footer-sml-layout":"","theme-transparent-header-meta":"default","adv-header-id-meta":"","stick-header-meta":"","header-above-stick-meta":"","header-main-stick-meta":"","header-below-stick-meta":"","astra-migrate-meta-layouts":"set","ast-page-background-enabled":"default","ast-page-background-meta":{"desktop":{"background-color":"var(--ast-global-color-5)","background-image":"","background-repeat":"repeat","background-position":"center center","background-size":"auto","background-attachment":"scroll","background-type":"","background-media":"","overlay-type":"","overlay-color":"","overlay-opacity":"","overlay-gradient":""},"tablet":{"background-color":"","background-image":"","background-repeat":"repeat","background-position":"center center","background-size":"auto","background-attachment":"scroll","background-type":"","background-media":"","overlay-type":"","overlay-color":"","overlay-opacity":"","overlay-gradient":""},"mobile":{"background-color":"","background-image":"","background-repeat":"repeat","background-position":"center center","background-size":"auto","background-attachment":"scroll","background-type":"","background-media":"","overlay-type":"","overlay-color":"","overlay-opacity":"","overlay-gradient":""}},"ast-content-background-meta":{"desktop":{"background-color":"var(--ast-global-color-4)","background-image":"","background-repeat":"repeat","background-position":"center center","background-size":"auto","background-attachment":"scroll","background-type":"","background-media":"","overlay-type":"","overlay-color":"","overlay-opacity":"","overlay-gradient":""},"tablet":{"background-color":"var(--ast-global-color-4)","background-image":"","background-repeat":"repeat","background-position":"center center","background-size":"auto","background-attachment":"scroll","background-type":"","background-media":"","overlay-type":"","overlay-color":"","overlay-opacity":"","overlay-gradient":""},"mobile":{"background-color":"var(--ast-global-color-4)","background-image":"","background-repeat":"repeat","background-position":"center center","background-size":"auto","background-attachment":"scroll","background-type":"","background-media":"","overlay-type":"","overlay-color":"","overlay-opacity":"","overlay-gradient":""}},"jetpack_publicize_message":"","jetpack_publicize_feature_enabled":true,"jetpack_social_post_already_shared":false,"jetpack_social_options":{"image_generator_settings":{"template":"highway","default_image_id":0,"font":"","enabled":false},"version":2}},"product_brand":[],"product_cat":[23],"product_tag":[],"class_list":{"0":"post-405","1":"product","2":"type-product","3":"status-publish","4":"has-post-thumbnail","6":"product_cat-bague","7":"desktop-align-center","8":"tablet-align-left","9":"mobile-align-left","11":"first","12":"instock","13":"shipping-taxable","14":"purchasable","15":"product-type-simple"},"jetpack_publicize_connections":[],"jetpack_sharing_enabled":true,"_links":{"self":[{"href":"https:\/\/maisonyamina.fr\/index.php\/wp-json\/wp\/v2\/product\/405","targetHints":{"allow":["GET"]}}],"collection":[{"href":"https:\/\/maisonyamina.fr\/index.php\/wp-json\/wp\/v2\/product"}],"about":[{"href":"https:\/\/maisonyamina.fr\/index.php\/wp-json\/wp\/v2\/types\/product"}],"replies":[{"embeddable":true,"href":"https:\/\/maisonyamina.fr\/index.php\/wp-json\/wp\/v2\/comments?post=405"}],"wp:featuredmedia":[{"embeddable":true,"href":"https:\/\/maisonyamina.fr\/index.php\/wp-json\/wp\/v2\/media\/406"}],"wp:attachment":[{"href":"https:\/\/maisonyamina.fr\/index.php\/wp-json\/wp\/v2\/media?parent=405"}],"wp:term":[{"taxonomy":"product_brand","embeddable":true,"href":"https:\/\/maisonyamina.fr\/index.php\/wp-json\/wp\/v2\/product_brand?post=405"},{"taxonomy":"product_cat","embeddable":true,"href":"https:\/\/maisonyamina.fr\/index.php\/wp-json\/wp\/v2\/product_cat?post=405"},{"taxonomy":"product_tag","embeddable":true,"href":"https:\/\/maisonyamina.fr\/index.php\/wp-json\/wp\/v2\/product_tag?post=405"}],"curies":[{"name":"wp","href":"https:\/\/api.w.org\/{rel}","templated":true}]}}