{"id":486,"date":"2025-10-26T09:56:28","date_gmt":"2025-10-26T08:56:28","guid":{"rendered":"https:\/\/maisonyamina.fr\/?post_type=product&#038;p=486"},"modified":"2025-12-26T22:58:31","modified_gmt":"2025-12-26T21:58:31","slug":"juliette","status":"publish","type":"product","link":"https:\/\/maisonyamina.fr\/index.php\/produit\/juliette\/","title":{"rendered":"Juliette"},"content":{"rendered":"","protected":false},"excerpt":{"rendered":"<p>Sublimez votre cou avec le collier <strong>Juliette<\/strong>, une pi\u00e8ce d\u00e9licate et color\u00e9e qui illumine chaque tenue.<br \/>\nCompos\u00e9 de petites pierres aux tons vibrants suspendues sur une fine cha\u00eene dor\u00e9e, il apporte une touche \u00e0 la fois \u00e9l\u00e9gante et joyeuse \u00e0 votre look.<\/p>\n<p><strong>D\u00e9tails :<\/strong><\/p>\n<ul>\n<li>Acier inoxydable dor\u00e9, r\u00e9sistant \u00e0 l\u2019eau et au temps,<\/li>\n<li>Pierres color\u00e9es en verre,<\/li>\n<li>Finition brillante<\/li>\n<\/ul>\n<p>\u2728 Parfait pour apporter une note de couleur \u00e0 votre quotidien ou sublimer vos tenues.<\/p>\n","protected":false},"featured_media":529,"comment_status":"open","ping_status":"closed","template":"","meta":{"site-sidebar-layout":"default","site-content-layout":"","ast-site-content-layout":"default","site-content-style":"default","site-sidebar-style":"default","ast-global-header-display":"","ast-banner-title-visibility":"","ast-main-header-display":"","ast-hfb-above-header-display":"","ast-hfb-below-header-display":"","ast-hfb-mobile-header-display":"","site-post-title":"","ast-breadcrumbs-content":"","ast-featured-img":"","footer-sml-layout":"","theme-transparent-header-meta":"default","adv-header-id-meta":"","stick-header-meta":"","header-above-stick-meta":"","header-main-stick-meta":"","header-below-stick-meta":"","astra-migrate-meta-layouts":"set","ast-page-background-enabled":"default","ast-page-background-meta":{"desktop":{"background-color":"var(--ast-global-color-5)","background-image":"","background-repeat":"repeat","background-position":"center center","background-size":"auto","background-attachment":"scroll","background-type":"","background-media":"","overlay-type":"","overlay-color":"","overlay-opacity":"","overlay-gradient":""},"tablet":{"background-color":"","background-image":"","background-repeat":"repeat","background-position":"center center","background-size":"auto","background-attachment":"scroll","background-type":"","background-media":"","overlay-type":"","overlay-color":"","overlay-opacity":"","overlay-gradient":""},"mobile":{"background-color":"","background-image":"","background-repeat":"repeat","background-position":"center center","background-size":"auto","background-attachment":"scroll","background-type":"","background-media":"","overlay-type":"","overlay-color":"","overlay-opacity":"","overlay-gradient":""}},"ast-content-background-meta":{"desktop":{"background-color":"var(--ast-global-color-4)","background-image":"","background-repeat":"repeat","background-position":"center center","background-size":"auto","background-attachment":"scroll","background-type":"","background-media":"","overlay-type":"","overlay-color":"","overlay-opacity":"","overlay-gradient":""},"tablet":{"background-color":"var(--ast-global-color-4)","background-image":"","background-repeat":"repeat","background-position":"center center","background-size":"auto","background-attachment":"scroll","background-type":"","background-media":"","overlay-type":"","overlay-color":"","overlay-opacity":"","overlay-gradient":""},"mobile":{"background-color":"var(--ast-global-color-4)","background-image":"","background-repeat":"repeat","background-position":"center center","background-size":"auto","background-attachment":"scroll","background-type":"","background-media":"","overlay-type":"","overlay-color":"","overlay-opacity":"","overlay-gradient":""}},"jetpack_publicize_message":"","jetpack_publicize_feature_enabled":true,"jetpack_social_post_already_shared":false,"jetpack_social_options":{"image_generator_settings":{"template":"highway","default_image_id":0,"font":"","enabled":false},"version":2}},"product_brand":[],"product_cat":[19],"product_tag":[],"class_list":{"0":"post-486","1":"product","2":"type-product","3":"status-publish","4":"has-post-thumbnail","6":"product_cat-colliers","7":"desktop-align-center","8":"tablet-align-left","9":"mobile-align-left","11":"first","12":"instock","13":"shipping-taxable","14":"purchasable","15":"product-type-simple"},"jetpack_publicize_connections":[],"jetpack_sharing_enabled":true,"_links":{"self":[{"href":"https:\/\/maisonyamina.fr\/index.php\/wp-json\/wp\/v2\/product\/486","targetHints":{"allow":["GET"]}}],"collection":[{"href":"https:\/\/maisonyamina.fr\/index.php\/wp-json\/wp\/v2\/product"}],"about":[{"href":"https:\/\/maisonyamina.fr\/index.php\/wp-json\/wp\/v2\/types\/product"}],"replies":[{"embeddable":true,"href":"https:\/\/maisonyamina.fr\/index.php\/wp-json\/wp\/v2\/comments?post=486"}],"wp:featuredmedia":[{"embeddable":true,"href":"https:\/\/maisonyamina.fr\/index.php\/wp-json\/wp\/v2\/media\/529"}],"wp:attachment":[{"href":"https:\/\/maisonyamina.fr\/index.php\/wp-json\/wp\/v2\/media?parent=486"}],"wp:term":[{"taxonomy":"product_brand","embeddable":true,"href":"https:\/\/maisonyamina.fr\/index.php\/wp-json\/wp\/v2\/product_brand?post=486"},{"taxonomy":"product_cat","embeddable":true,"href":"https:\/\/maisonyamina.fr\/index.php\/wp-json\/wp\/v2\/product_cat?post=486"},{"taxonomy":"product_tag","embeddable":true,"href":"https:\/\/maisonyamina.fr\/index.php\/wp-json\/wp\/v2\/product_tag?post=486"}],"curies":[{"name":"wp","href":"https:\/\/api.w.org\/{rel}","templated":true}]}}