{"id":507,"date":"2025-11-11T19:55:57","date_gmt":"2025-11-11T18:55:57","guid":{"rendered":"https:\/\/maisonyamina.fr\/?post_type=product&#038;p=507"},"modified":"2025-12-26T22:54:11","modified_gmt":"2025-12-26T21:54:11","slug":"alice","status":"publish","type":"product","link":"https:\/\/maisonyamina.fr\/index.php\/produit\/alice\/","title":{"rendered":"Alice"},"content":{"rendered":"","protected":false},"excerpt":{"rendered":"<p data-start=\"37\" data-end=\"260\">Laissez vos cheveux s\u2019orner d\u2019\u00e9l\u00e9gance avec\u00a0<strong data-start=\"81\" data-end=\"88\">Alice<\/strong>, une pince inspir\u00e9e par la nature.<br data-start=\"123\" data-end=\"126\" \/>Ses feuilles dor\u00e9es aux reflets rose apportent une touche de fra\u00eecheur et de raffinement \u00e0 votre coiffure.<\/p>\n<p data-start=\"262\" data-end=\"398\">\u00c0 la fois pratique et pr\u00e9cieuse,\u00a0<strong data-start=\"295\" data-end=\"302\">Alice<\/strong>\u00a0maintient vos cheveux avec style et illumine vos looks, du quotidien aux moments d\u2019exception.<\/p>\n<p data-start=\"400\" data-end=\"521\">\ud83c\udf37 D\u00e9tails floraux<br data-start=\"439\" data-end=\"442\" \/>\ud83c\udf37\u00a0Finition dor\u00e9e \u00e9l\u00e9gante<br data-start=\"468\" data-end=\"471\" \/>\ud83c\udf37\u00a0Parfaite alliance entre praticit\u00e9 et f\u00e9minit\u00e9<\/p>\n<p data-start=\"523\" data-end=\"589\">Un accessoire qui transforme chaque coiffure en v\u00e9ritable bijou.<\/p>\n","protected":false},"featured_media":528,"comment_status":"open","ping_status":"closed","template":"","meta":{"site-sidebar-layout":"default","site-content-layout":"","ast-site-content-layout":"default","site-content-style":"default","site-sidebar-style":"default","ast-global-header-display":"","ast-banner-title-visibility":"","ast-main-header-display":"","ast-hfb-above-header-display":"","ast-hfb-below-header-display":"","ast-hfb-mobile-header-display":"","site-post-title":"","ast-breadcrumbs-content":"","ast-featured-img":"","footer-sml-layout":"","theme-transparent-header-meta":"default","adv-header-id-meta":"","stick-header-meta":"","header-above-stick-meta":"","header-main-stick-meta":"","header-below-stick-meta":"","astra-migrate-meta-layouts":"set","ast-page-background-enabled":"default","ast-page-background-meta":{"desktop":{"background-color":"var(--ast-global-color-5)","background-image":"","background-repeat":"repeat","background-position":"center center","background-size":"auto","background-attachment":"scroll","background-type":"","background-media":"","overlay-type":"","overlay-color":"","overlay-opacity":"","overlay-gradient":""},"tablet":{"background-color":"","background-image":"","background-repeat":"repeat","background-position":"center center","background-size":"auto","background-attachment":"scroll","background-type":"","background-media":"","overlay-type":"","overlay-color":"","overlay-opacity":"","overlay-gradient":""},"mobile":{"background-color":"","background-image":"","background-repeat":"repeat","background-position":"center center","background-size":"auto","background-attachment":"scroll","background-type":"","background-media":"","overlay-type":"","overlay-color":"","overlay-opacity":"","overlay-gradient":""}},"ast-content-background-meta":{"desktop":{"background-color":"var(--ast-global-color-4)","background-image":"","background-repeat":"repeat","background-position":"center center","background-size":"auto","background-attachment":"scroll","background-type":"","background-media":"","overlay-type":"","overlay-color":"","overlay-opacity":"","overlay-gradient":""},"tablet":{"background-color":"var(--ast-global-color-4)","background-image":"","background-repeat":"repeat","background-position":"center center","background-size":"auto","background-attachment":"scroll","background-type":"","background-media":"","overlay-type":"","overlay-color":"","overlay-opacity":"","overlay-gradient":""},"mobile":{"background-color":"var(--ast-global-color-4)","background-image":"","background-repeat":"repeat","background-position":"center center","background-size":"auto","background-attachment":"scroll","background-type":"","background-media":"","overlay-type":"","overlay-color":"","overlay-opacity":"","overlay-gradient":""}},"jetpack_publicize_message":"","jetpack_publicize_feature_enabled":true,"jetpack_social_post_already_shared":true,"jetpack_social_options":{"image_generator_settings":{"template":"highway","default_image_id":0,"font":"","enabled":false},"version":2}},"product_brand":[],"product_cat":[16],"product_tag":[],"class_list":{"0":"post-507","1":"product","2":"type-product","3":"status-publish","4":"has-post-thumbnail","6":"product_cat-accessoire-de-cheveux","7":"desktop-align-center","8":"tablet-align-left","9":"mobile-align-left","11":"first","12":"instock","13":"shipping-taxable","14":"purchasable","15":"product-type-simple"},"jetpack_publicize_connections":[],"jetpack_sharing_enabled":true,"_links":{"self":[{"href":"https:\/\/maisonyamina.fr\/index.php\/wp-json\/wp\/v2\/product\/507","targetHints":{"allow":["GET"]}}],"collection":[{"href":"https:\/\/maisonyamina.fr\/index.php\/wp-json\/wp\/v2\/product"}],"about":[{"href":"https:\/\/maisonyamina.fr\/index.php\/wp-json\/wp\/v2\/types\/product"}],"replies":[{"embeddable":true,"href":"https:\/\/maisonyamina.fr\/index.php\/wp-json\/wp\/v2\/comments?post=507"}],"wp:featuredmedia":[{"embeddable":true,"href":"https:\/\/maisonyamina.fr\/index.php\/wp-json\/wp\/v2\/media\/528"}],"wp:attachment":[{"href":"https:\/\/maisonyamina.fr\/index.php\/wp-json\/wp\/v2\/media?parent=507"}],"wp:term":[{"taxonomy":"product_brand","embeddable":true,"href":"https:\/\/maisonyamina.fr\/index.php\/wp-json\/wp\/v2\/product_brand?post=507"},{"taxonomy":"product_cat","embeddable":true,"href":"https:\/\/maisonyamina.fr\/index.php\/wp-json\/wp\/v2\/product_cat?post=507"},{"taxonomy":"product_tag","embeddable":true,"href":"https:\/\/maisonyamina.fr\/index.php\/wp-json\/wp\/v2\/product_tag?post=507"}],"curies":[{"name":"wp","href":"https:\/\/api.w.org\/{rel}","templated":true}]}}